{"id":1489,"date":"2019-10-16T16:14:24","date_gmt":"2019-10-16T16:14:24","guid":{"rendered":"https:\/\/the7.io\/company\/?page_id=1489"},"modified":"2022-01-13T20:56:42","modified_gmt":"2022-01-13T20:56:42","slug":"contact","status":"publish","type":"page","link":"https:\/\/leanbestgroup.com\/en\/contact\/","title":{"rendered":"Contacto"},"content":{"rendered":"<div class=\"vc_row wpb_row vc_row-fluid dt-default\" style=\"margin-top: 0px;margin-bottom: 0px\"><div class=\"wpb_column vc_column_container vc_col-sm-12\"><div class=\"vc_column-inner\"><div class=\"wpb_wrapper\"><div class=\"vc_row wpb_row vc_inner vc_row-fluid vc_custom_1575373349723 vc_column-gap-30 vc_row-o-equal-height vc_row-flex\"><div class=\"wpb_column vc_column_container vc_col-sm-4 vc_col-has-fill\"><div class=\"vc_column-inner vc_custom_1575376164580\"><div class=\"wpb_wrapper\"><style type=\"text\/css\" data-type=\"the7_shortcodes-inline-css\">.icon-with-text-shortcode.icon-text-id-13e7166c43d7c16c0a882b05a486a088 .text-icon {\n  width: 48px;\n  height: 48px;\n  line-height: 48px;\n  font-size: 48px;\n  border-radius: 200px;\n  margin: 0px 0px 25px 0px;\n}\n.icon-with-text-shortcode.icon-text-id-13e7166c43d7c16c0a882b05a486a088 .text-icon .icon-inner {\n  min-width: 48px;\n  min-height: 48px;\n  border-radius: 200px;\n}\n@media all and (-ms-high-contrast: none) {\n  .icon-with-text-shortcode.icon-text-id-13e7166c43d7c16c0a882b05a486a088 .text-icon .icon-inner {\n    height: 48px;\n  }\n}\n.icon-with-text-shortcode.icon-text-id-13e7166c43d7c16c0a882b05a486a088 .text-icon .dt-hover-icon {\n  line-height: 48px;\n}\n.icon-with-text-shortcode.icon-text-id-13e7166c43d7c16c0a882b05a486a088 .text-icon:before,\n.icon-with-text-shortcode.icon-text-id-13e7166c43d7c16c0a882b05a486a088 .text-icon:after,\n.icon-with-text-shortcode.icon-text-id-13e7166c43d7c16c0a882b05a486a088 .text-icon .icon-inner:before,\n.icon-with-text-shortcode.icon-text-id-13e7166c43d7c16c0a882b05a486a088 .text-icon .icon-inner:after {\n  min-width: 100%;\n  min-height: 100%;\n  padding: inherit;\n  border-radius: inherit;\n}\n.icon-with-text-shortcode.icon-text-id-13e7166c43d7c16c0a882b05a486a088 .text-icon.dt-icon-border-on:before {\n  border-width: 2px;\n  border-style: solid;\n}\n.dt-icon-border-dashed.icon-with-text-shortcode.icon-text-id-13e7166c43d7c16c0a882b05a486a088 .text-icon.dt-icon-border-on:before {\n  border-style: dashed;\n}\n.dt-icon-border-dotted.icon-with-text-shortcode.icon-text-id-13e7166c43d7c16c0a882b05a486a088 .text-icon.dt-icon-border-on:before {\n  border-style: dotted;\n}\n.dt-icon-border-double.icon-with-text-shortcode.icon-text-id-13e7166c43d7c16c0a882b05a486a088 .text-icon.dt-icon-border-on:before {\n  border-style: double;\n}\n.icon-with-text-shortcode.icon-text-id-13e7166c43d7c16c0a882b05a486a088 .text-icon.dt-icon-border-dashed.dt-icon-border-on:before {\n  border-style: dashed;\n}\n.icon-with-text-shortcode.icon-text-id-13e7166c43d7c16c0a882b05a486a088 .text-icon.dt-icon-border-dotted.dt-icon-border-on:before {\n  border-style: dotted;\n}\n.icon-with-text-shortcode.icon-text-id-13e7166c43d7c16c0a882b05a486a088 .text-icon.dt-icon-border-double.dt-icon-border-on:before {\n  border-style: double;\n}\n.icon-with-text-shortcode.icon-text-id-13e7166c43d7c16c0a882b05a486a088 .text-icon.dt-icon-hover-border-on:after {\n  border-width: 2px;\n  border-style: solid;\n}\n.icon-with-text-shortcode.icon-text-id-13e7166c43d7c16c0a882b05a486a088 .text-icon.dt-icon-border-dashed.dt-icon-hover-border-on:after {\n  border-style: dashed;\n}\n.icon-with-text-shortcode.icon-text-id-13e7166c43d7c16c0a882b05a486a088 .text-icon.dt-icon-border-dotted.dt-icon-hover-border-on:after {\n  border-style: dotted;\n}\n.icon-with-text-shortcode.icon-text-id-13e7166c43d7c16c0a882b05a486a088 .text-icon.dt-icon-border-double.dt-icon-hover-border-on:after {\n  border-style: double;\n}\n.icon-with-text-shortcode.icon-text-id-13e7166c43d7c16c0a882b05a486a088 .text-icon.dt-icon-hover-on:hover {\n  font-size: 48px;\n}\n#page .icon-with-text-shortcode.icon-text-id-13e7166c43d7c16c0a882b05a486a088 .text-icon.dt-icon-hover-on:hover .soc-font-icon,\n#phantom .icon-with-text-shortcode.icon-text-id-13e7166c43d7c16c0a882b05a486a088 .text-icon.dt-icon-hover-on:hover .soc-font-icon,\n#page .icon-with-text-shortcode.icon-text-id-13e7166c43d7c16c0a882b05a486a088 .text-icon.dt-icon-hover-on:hover .soc-icon,\n#phantom .icon-with-text-shortcode.icon-text-id-13e7166c43d7c16c0a882b05a486a088 .text-icon.dt-icon-hover-on:hover .soc-icon {\n  color: #fff;\n  background: none;\n}\n.icon-with-text-shortcode.icon-text-id-13e7166c43d7c16c0a882b05a486a088.layout-1 {\n  grid-template-columns: 48px minmax(0,1fr);\n  grid-column-gap: 0px;\n}\n.icon-with-text-shortcode.icon-text-id-13e7166c43d7c16c0a882b05a486a088.layout-2 {\n  grid-template-columns: minmax(0,1fr) 48px;\n  grid-column-gap: 0px;\n}\n.icon-with-text-shortcode.icon-text-id-13e7166c43d7c16c0a882b05a486a088.layout-2 .text-icon {\n  margin-left: 0;\n}\n.icon-with-text-shortcode.icon-text-id-13e7166c43d7c16c0a882b05a486a088.layout-3 {\n  grid-template-columns: 48px minmax(0,1fr);\n}\n.icon-with-text-shortcode.icon-text-id-13e7166c43d7c16c0a882b05a486a088.layout-3 .dt-text-title {\n  margin-left: 0px;\n}\n.icon-with-text-shortcode.icon-text-id-13e7166c43d7c16c0a882b05a486a088 .dt-text-title {\n  margin-bottom: 20px;\n}\n.icon-with-text-shortcode.icon-text-id-13e7166c43d7c16c0a882b05a486a088 .dt-text-desc {\n  color: #222222;\n  background: none;\n  margin-bottom: 0px;\n  font-size: 24px;\n  line-height: 34px;\n  font-weight: bold;\n}\n<\/style><div class=\"icon-with-text-shortcode  icon-text-id-13e7166c43d7c16c0a882b05a486a088 layout-5\" ><span   class=\"text-icon dt-icon-bg-off dt-icon-hover-off\" ><span class=\"icon-inner\"><i class=\"dt-regular-icon soc-icon icomoon-the7-font-the7-phone-03\"><\/i><i class=\"dt-hover-icon soc-icon icomoon-the7-font-the7-phone-03\"><\/i><\/span><\/span><p class=\"dt-text-title\"  >Ll\u00e1manos<\/p><div class=\"dt-text-desc\">+34 924 544 566<\/div><\/div><\/div><\/div><\/div><div class=\"wpb_column vc_column_container vc_col-sm-4 vc_col-has-fill\"><div class=\"vc_column-inner vc_custom_1575376169747\"><div class=\"wpb_wrapper\"><style type=\"text\/css\" data-type=\"the7_shortcodes-inline-css\">.icon-with-text-shortcode.icon-text-id-2f46740da30a06039c0f5b80b0de3099 .text-icon {\n  width: 48px;\n  height: 48px;\n  line-height: 48px;\n  font-size: 48px;\n  border-radius: 200px;\n  margin: 0px 0px 25px 0px;\n}\n.icon-with-text-shortcode.icon-text-id-2f46740da30a06039c0f5b80b0de3099 .text-icon .icon-inner {\n  min-width: 48px;\n  min-height: 48px;\n  border-radius: 200px;\n}\n@media all and (-ms-high-contrast: none) {\n  .icon-with-text-shortcode.icon-text-id-2f46740da30a06039c0f5b80b0de3099 .text-icon .icon-inner {\n    height: 48px;\n  }\n}\n.icon-with-text-shortcode.icon-text-id-2f46740da30a06039c0f5b80b0de3099 .text-icon .dt-hover-icon {\n  line-height: 48px;\n}\n.icon-with-text-shortcode.icon-text-id-2f46740da30a06039c0f5b80b0de3099 .text-icon:before,\n.icon-with-text-shortcode.icon-text-id-2f46740da30a06039c0f5b80b0de3099 .text-icon:after,\n.icon-with-text-shortcode.icon-text-id-2f46740da30a06039c0f5b80b0de3099 .text-icon .icon-inner:before,\n.icon-with-text-shortcode.icon-text-id-2f46740da30a06039c0f5b80b0de3099 .text-icon .icon-inner:after {\n  min-width: 100%;\n  min-height: 100%;\n  padding: inherit;\n  border-radius: inherit;\n}\n.icon-with-text-shortcode.icon-text-id-2f46740da30a06039c0f5b80b0de3099 .text-icon.dt-icon-border-on:before {\n  border-width: 2px;\n  border-style: solid;\n}\n.dt-icon-border-dashed.icon-with-text-shortcode.icon-text-id-2f46740da30a06039c0f5b80b0de3099 .text-icon.dt-icon-border-on:before {\n  border-style: dashed;\n}\n.dt-icon-border-dotted.icon-with-text-shortcode.icon-text-id-2f46740da30a06039c0f5b80b0de3099 .text-icon.dt-icon-border-on:before {\n  border-style: dotted;\n}\n.dt-icon-border-double.icon-with-text-shortcode.icon-text-id-2f46740da30a06039c0f5b80b0de3099 .text-icon.dt-icon-border-on:before {\n  border-style: double;\n}\n.icon-with-text-shortcode.icon-text-id-2f46740da30a06039c0f5b80b0de3099 .text-icon.dt-icon-border-dashed.dt-icon-border-on:before {\n  border-style: dashed;\n}\n.icon-with-text-shortcode.icon-text-id-2f46740da30a06039c0f5b80b0de3099 .text-icon.dt-icon-border-dotted.dt-icon-border-on:before {\n  border-style: dotted;\n}\n.icon-with-text-shortcode.icon-text-id-2f46740da30a06039c0f5b80b0de3099 .text-icon.dt-icon-border-double.dt-icon-border-on:before {\n  border-style: double;\n}\n.icon-with-text-shortcode.icon-text-id-2f46740da30a06039c0f5b80b0de3099 .text-icon.dt-icon-hover-border-on:after {\n  border-width: 2px;\n  border-style: solid;\n}\n.icon-with-text-shortcode.icon-text-id-2f46740da30a06039c0f5b80b0de3099 .text-icon.dt-icon-border-dashed.dt-icon-hover-border-on:after {\n  border-style: dashed;\n}\n.icon-with-text-shortcode.icon-text-id-2f46740da30a06039c0f5b80b0de3099 .text-icon.dt-icon-border-dotted.dt-icon-hover-border-on:after {\n  border-style: dotted;\n}\n.icon-with-text-shortcode.icon-text-id-2f46740da30a06039c0f5b80b0de3099 .text-icon.dt-icon-border-double.dt-icon-hover-border-on:after {\n  border-style: double;\n}\n.icon-with-text-shortcode.icon-text-id-2f46740da30a06039c0f5b80b0de3099 .text-icon.dt-icon-hover-on:hover {\n  font-size: 48px;\n}\n#page .icon-with-text-shortcode.icon-text-id-2f46740da30a06039c0f5b80b0de3099 .text-icon.dt-icon-hover-on:hover .soc-font-icon,\n#phantom .icon-with-text-shortcode.icon-text-id-2f46740da30a06039c0f5b80b0de3099 .text-icon.dt-icon-hover-on:hover .soc-font-icon,\n#page .icon-with-text-shortcode.icon-text-id-2f46740da30a06039c0f5b80b0de3099 .text-icon.dt-icon-hover-on:hover .soc-icon,\n#phantom .icon-with-text-shortcode.icon-text-id-2f46740da30a06039c0f5b80b0de3099 .text-icon.dt-icon-hover-on:hover .soc-icon {\n  color: #fff;\n  background: none;\n}\n.icon-with-text-shortcode.icon-text-id-2f46740da30a06039c0f5b80b0de3099.layout-1 {\n  grid-template-columns: 48px minmax(0,1fr);\n  grid-column-gap: 0px;\n}\n.icon-with-text-shortcode.icon-text-id-2f46740da30a06039c0f5b80b0de3099.layout-2 {\n  grid-template-columns: minmax(0,1fr) 48px;\n  grid-column-gap: 0px;\n}\n.icon-with-text-shortcode.icon-text-id-2f46740da30a06039c0f5b80b0de3099.layout-2 .text-icon {\n  margin-left: 0;\n}\n.icon-with-text-shortcode.icon-text-id-2f46740da30a06039c0f5b80b0de3099.layout-3 {\n  grid-template-columns: 48px minmax(0,1fr);\n}\n.icon-with-text-shortcode.icon-text-id-2f46740da30a06039c0f5b80b0de3099.layout-3 .dt-text-title {\n  margin-left: 0px;\n}\n.icon-with-text-shortcode.icon-text-id-2f46740da30a06039c0f5b80b0de3099 .dt-text-title {\n  margin-bottom: 20px;\n}\n.icon-with-text-shortcode.icon-text-id-2f46740da30a06039c0f5b80b0de3099 .dt-text-desc {\n  color: #222222;\n  background: none;\n  margin-bottom: 0px;\n  font-size: 18px;\n  line-height: 28px;\n  font-weight: bold;\n}\n<\/style><div class=\"icon-with-text-shortcode  icon-text-id-2f46740da30a06039c0f5b80b0de3099 layout-5\" ><span   class=\"text-icon dt-icon-bg-off dt-icon-hover-off\" ><span class=\"icon-inner\"><i class=\"dt-regular-icon soc-icon icomoon-the7-font-the7-mail-03\"><\/i><i class=\"dt-hover-icon soc-icon icomoon-the7-font-the7-mail-03\"><\/i><\/span><\/span><p class=\"dt-text-title\"  >Nuestro Correo<\/p><div class=\"dt-text-desc\">info@leanbest.com<\/div><\/div><\/div><\/div><\/div><div class=\"wpb_column vc_column_container vc_col-sm-4 vc_col-has-fill\"><div class=\"vc_column-inner vc_custom_1575376175451\"><div class=\"wpb_wrapper\"><style type=\"text\/css\" data-type=\"the7_shortcodes-inline-css\">.icon-with-text-shortcode.icon-text-id-30d2403ed40b52af53b8d57b4baecaf2 .text-icon {\n  width: 48px;\n  height: 48px;\n  line-height: 48px;\n  font-size: 48px;\n  border-radius: 200px;\n  margin: 0px 0px 25px 0px;\n}\n.icon-with-text-shortcode.icon-text-id-30d2403ed40b52af53b8d57b4baecaf2 .text-icon .icon-inner {\n  min-width: 48px;\n  min-height: 48px;\n  border-radius: 200px;\n}\n@media all and (-ms-high-contrast: none) {\n  .icon-with-text-shortcode.icon-text-id-30d2403ed40b52af53b8d57b4baecaf2 .text-icon .icon-inner {\n    height: 48px;\n  }\n}\n.icon-with-text-shortcode.icon-text-id-30d2403ed40b52af53b8d57b4baecaf2 .text-icon .dt-hover-icon {\n  line-height: 48px;\n}\n.icon-with-text-shortcode.icon-text-id-30d2403ed40b52af53b8d57b4baecaf2 .text-icon:before,\n.icon-with-text-shortcode.icon-text-id-30d2403ed40b52af53b8d57b4baecaf2 .text-icon:after,\n.icon-with-text-shortcode.icon-text-id-30d2403ed40b52af53b8d57b4baecaf2 .text-icon .icon-inner:before,\n.icon-with-text-shortcode.icon-text-id-30d2403ed40b52af53b8d57b4baecaf2 .text-icon .icon-inner:after {\n  min-width: 100%;\n  min-height: 100%;\n  padding: inherit;\n  border-radius: inherit;\n}\n.icon-with-text-shortcode.icon-text-id-30d2403ed40b52af53b8d57b4baecaf2 .text-icon.dt-icon-border-on:before {\n  border-width: 2px;\n  border-style: solid;\n}\n.dt-icon-border-dashed.icon-with-text-shortcode.icon-text-id-30d2403ed40b52af53b8d57b4baecaf2 .text-icon.dt-icon-border-on:before {\n  border-style: dashed;\n}\n.dt-icon-border-dotted.icon-with-text-shortcode.icon-text-id-30d2403ed40b52af53b8d57b4baecaf2 .text-icon.dt-icon-border-on:before {\n  border-style: dotted;\n}\n.dt-icon-border-double.icon-with-text-shortcode.icon-text-id-30d2403ed40b52af53b8d57b4baecaf2 .text-icon.dt-icon-border-on:before {\n  border-style: double;\n}\n.icon-with-text-shortcode.icon-text-id-30d2403ed40b52af53b8d57b4baecaf2 .text-icon.dt-icon-border-dashed.dt-icon-border-on:before {\n  border-style: dashed;\n}\n.icon-with-text-shortcode.icon-text-id-30d2403ed40b52af53b8d57b4baecaf2 .text-icon.dt-icon-border-dotted.dt-icon-border-on:before {\n  border-style: dotted;\n}\n.icon-with-text-shortcode.icon-text-id-30d2403ed40b52af53b8d57b4baecaf2 .text-icon.dt-icon-border-double.dt-icon-border-on:before {\n  border-style: double;\n}\n.icon-with-text-shortcode.icon-text-id-30d2403ed40b52af53b8d57b4baecaf2 .text-icon.dt-icon-hover-border-on:after {\n  border-width: 2px;\n  border-style: solid;\n}\n.icon-with-text-shortcode.icon-text-id-30d2403ed40b52af53b8d57b4baecaf2 .text-icon.dt-icon-border-dashed.dt-icon-hover-border-on:after {\n  border-style: dashed;\n}\n.icon-with-text-shortcode.icon-text-id-30d2403ed40b52af53b8d57b4baecaf2 .text-icon.dt-icon-border-dotted.dt-icon-hover-border-on:after {\n  border-style: dotted;\n}\n.icon-with-text-shortcode.icon-text-id-30d2403ed40b52af53b8d57b4baecaf2 .text-icon.dt-icon-border-double.dt-icon-hover-border-on:after {\n  border-style: double;\n}\n.icon-with-text-shortcode.icon-text-id-30d2403ed40b52af53b8d57b4baecaf2 .text-icon.dt-icon-hover-on:hover {\n  font-size: 48px;\n}\n#page .icon-with-text-shortcode.icon-text-id-30d2403ed40b52af53b8d57b4baecaf2 .text-icon.dt-icon-hover-on:hover .soc-font-icon,\n#phantom .icon-with-text-shortcode.icon-text-id-30d2403ed40b52af53b8d57b4baecaf2 .text-icon.dt-icon-hover-on:hover .soc-font-icon,\n#page .icon-with-text-shortcode.icon-text-id-30d2403ed40b52af53b8d57b4baecaf2 .text-icon.dt-icon-hover-on:hover .soc-icon,\n#phantom .icon-with-text-shortcode.icon-text-id-30d2403ed40b52af53b8d57b4baecaf2 .text-icon.dt-icon-hover-on:hover .soc-icon {\n  color: #fff;\n  background: none;\n}\n.icon-with-text-shortcode.icon-text-id-30d2403ed40b52af53b8d57b4baecaf2.layout-1 {\n  grid-template-columns: 48px minmax(0,1fr);\n  grid-column-gap: 0px;\n}\n.icon-with-text-shortcode.icon-text-id-30d2403ed40b52af53b8d57b4baecaf2.layout-2 {\n  grid-template-columns: minmax(0,1fr) 48px;\n  grid-column-gap: 0px;\n}\n.icon-with-text-shortcode.icon-text-id-30d2403ed40b52af53b8d57b4baecaf2.layout-2 .text-icon {\n  margin-left: 0;\n}\n.icon-with-text-shortcode.icon-text-id-30d2403ed40b52af53b8d57b4baecaf2.layout-3 {\n  grid-template-columns: 48px minmax(0,1fr);\n}\n.icon-with-text-shortcode.icon-text-id-30d2403ed40b52af53b8d57b4baecaf2.layout-3 .dt-text-title {\n  margin-left: 0px;\n}\n.icon-with-text-shortcode.icon-text-id-30d2403ed40b52af53b8d57b4baecaf2 .dt-text-title {\n  margin-bottom: 20px;\n}\n.icon-with-text-shortcode.icon-text-id-30d2403ed40b52af53b8d57b4baecaf2 .dt-text-desc {\n  color: #222222;\n  background: none;\n  margin-bottom: 0px;\n  font-size: 18px;\n  line-height: 28px;\n  font-weight: bold;\n}\n<\/style><div class=\"icon-with-text-shortcode  icon-text-id-30d2403ed40b52af53b8d57b4baecaf2 layout-5\" ><span   class=\"text-icon dt-icon-bg-off dt-icon-hover-off\" ><span class=\"icon-inner\"><i class=\"dt-regular-icon soc-icon icomoon-the7-font-the7-map-05\"><\/i><i class=\"dt-hover-icon soc-icon icomoon-the7-font-the7-map-05\"><\/i><\/span><\/span><p class=\"dt-text-title\"  >Donde Estamos<\/p><div class=\"dt-text-desc\">Extremadura, Espa\u00f1a.<\/div><\/div><\/div><\/div><\/div><\/div><\/div><\/div><\/div><\/div><div class=\"vc_row wpb_row vc_row-fluid dt-default\" style=\"margin-top: 0px;margin-bottom: 0px\"><div class=\"wpb_column vc_column_container vc_col-sm-10 vc_col-lg-offset-2 vc_col-lg-8 vc_col-md-offset-2 vc_col-md-8 vc_col-sm-offset-1 vc_col-xs-offset-1 vc_col-xs-10\"><div class=\"vc_column-inner\"><div class=\"wpb_wrapper\"><div class=\"vc_row wpb_row vc_inner vc_row-fluid\"><div class=\"wpb_column vc_column_container vc_col-sm-6 vc_col-lg-offset-0 vc_col-md-offset-0 vc_col-sm-offset-0 vc_col-xs-6 vc_col-has-fill\"><div class=\"vc_column-inner vc_custom_1575380838085\"><div class=\"wpb_wrapper\"><\/div><\/div><\/div><\/div><div id=\"ultimate-heading-22269ef642940a27\" class=\"uvc-heading ult-adjust-bottom-margin ultimate-heading-22269ef642940a27 uvc-1124\" data-hspacer=\"no_spacer\"  data-halign=\"center\" style=\"text-align:center\"><div class=\"uvc-heading-spacer no_spacer\" style=\"top\"><\/div><div class=\"uvc-main-heading ult-responsive\"  data-ultimate-target='.uvc-heading.ultimate-heading-22269ef642940a27 h2'  data-responsive-json-new='{\"font-size\":\"desktop:50px;\",\"line-height\":\"desktop:60px;\"}' ><h2 style=\"font-weight:bold;margin-bottom:10px;\">D\u00e9janos tu rastro<\/h2><\/div><div class=\"uvc-sub-heading ult-responsive\"  data-ultimate-target='.uvc-heading.ultimate-heading-22269ef642940a27 .uvc-sub-heading '  data-responsive-json-new='{\"font-size\":\"\",\"line-height\":\"\"}'  style=\"font-weight:normal;margin-bottom:60px;\">Y nosotros te contactamos enseguida!<\/div><\/div><form class=\"dt-contact-form dt-form\" method=\"post\" action=\"\"><input type=\"hidden\" name=\"widget_id\" value=\"presscore-contact-form-widget--1\" \/><input type=\"hidden\" name=\"send_message\" value=\"\" \/><input type=\"hidden\" name=\"security_token\" value=\"f9a17c09905edbfeef1d\"\/><div class=\"form-fields\"><span class=\"form-name\"><label class=\"assistive-text\">Name *<\/label><input type=\"text\" class=\"validate[required]\" placeholder=\"Name *\" name=\"name\" value=\"\" aria-required=\"true\">\n<\/span><span class=\"form-mail\"><label class=\"assistive-text\">E-mail *<\/label><input type=\"text\" class=\"validate[required,custom[email]]\" placeholder=\"E-mail *\" name=\"email\" value=\"\" aria-required=\"true\">\n<\/span><span class=\"form-company\"><label class=\"assistive-text\">Company<\/label><input type=\"text\" placeholder=\"Company\" name=\"company\" value=\"\" aria-required=\"false\">\n<\/span><\/div><p><a href=\"#\" class=\"dt-btn dt-btn-m dt-btn-submit\" rel=\"nofollow\"><span>Enviar<\/span><\/a><input class=\"assistive-text\" type=\"submit\" value=\"submit\"><\/p><input type=\"hidden\" name=\"trp-form-language\" value=\"en\"\/><\/form>\n<\/div><\/div><\/div><\/div>","protected":false},"excerpt":{"rendered":"<p>Ll\u00e1manos+34 924 544 566Nuestro Correoinfo@leanbest.comDonde EstamosExtremadura, Espa\u00f1a.D\u00e9janos tu rastroY nosotros te contactamos enseguida!<\/p>","protected":false},"author":1,"featured_media":0,"parent":0,"menu_order":35,"comment_status":"closed","ping_status":"closed","template":"","meta":{"footnotes":""},"_links":{"self":[{"href":"https:\/\/leanbestgroup.com\/en\/wp-json\/wp\/v2\/pages\/1489"}],"collection":[{"href":"https:\/\/leanbestgroup.com\/en\/wp-json\/wp\/v2\/pages"}],"about":[{"href":"https:\/\/leanbestgroup.com\/en\/wp-json\/wp\/v2\/types\/page"}],"author":[{"embeddable":true,"href":"https:\/\/leanbestgroup.com\/en\/wp-json\/wp\/v2\/users\/1"}],"replies":[{"embeddable":true,"href":"https:\/\/leanbestgroup.com\/en\/wp-json\/wp\/v2\/comments?post=1489"}],"version-history":[{"count":3,"href":"https:\/\/leanbestgroup.com\/en\/wp-json\/wp\/v2\/pages\/1489\/revisions"}],"predecessor-version":[{"id":3846,"href":"https:\/\/leanbestgroup.com\/en\/wp-json\/wp\/v2\/pages\/1489\/revisions\/3846"}],"wp:attachment":[{"href":"https:\/\/leanbestgroup.com\/en\/wp-json\/wp\/v2\/media?parent=1489"}],"curies":[{"name":"wp","href":"https:\/\/api.w.org\/{rel}","templated":true}]}}